{"id":15,"date":"2024-11-23T16:08:36","date_gmt":"2024-11-23T16:08:36","guid":{"rendered":"https:\/\/peinstudio.com\/?page_id=15"},"modified":"2024-11-23T16:14:09","modified_gmt":"2024-11-23T16:14:09","slug":"accesibilidad","status":"publish","type":"page","link":"https:\/\/peinstudio.com\/en\/accesibilidad\/","title":{"rendered":"Accesibilidad"},"content":{"rendered":"<div data-elementor-type=\"wp-page\" data-elementor-id=\"15\" class=\"elementor elementor-15\" data-elementor-post-type=\"page\">\n\t\t\t\t<div class=\"elementor-element elementor-element-b0ef920 e-flex e-con-boxed e-con e-parent\" data-id=\"b0ef920\" data-element_type=\"container\">\n\t\t\t\t\t<div class=\"e-con-inner\">\n\t\t\t\t<div class=\"elementor-element elementor-element-b204319 elementor-widget elementor-widget-text-editor\" data-id=\"b204319\" data-element_type=\"widget\" data-widget_type=\"text-editor.default\">\n\t\t\t\t<div class=\"elementor-widget-container\">\n\t\t\t\t\t\t\t\t\t<h1><strong>Accesibilidad<\/strong><\/h1><p><span style=\"font-weight: 400;\">En la construcci\u00f3n de la p\u00e1gina web de <a href=\"http:\/\/peinstudio.com\/en\/\">peinstudio.com<\/a><\/span><span style=\"font-weight: 400;\"> se han adoptado medidas con el objetivo de que el mayor n\u00famero posible de personas puedan llegar a la informaci\u00f3n que se transmite en ella, independientemente de las limitaciones de la persona o de las que se deriven del contexto de uso.<\/span><\/p><p><span style=\"font-weight: 400;\">As\u00ed, en la confecci\u00f3n del portal se han tenido en cuenta los siguientes aspectos:<\/span><\/p><ul><li style=\"font-weight: 400;\" aria-level=\"1\"><span style=\"font-weight: 400;\">Uso de CSS para la presentaci\u00f3n de la informaci\u00f3n.<\/span><\/li><li style=\"font-weight: 400;\" aria-level=\"1\"><span style=\"font-weight: 400;\">Etiquetas de marcaje.<\/span><\/li><li style=\"font-weight: 400;\" aria-level=\"1\"><span style=\"font-weight: 400;\">Sistemas de navegaci\u00f3n usables, intuitivos y alternativos.<\/span><\/li><li style=\"font-weight: 400;\" aria-level=\"1\"><span style=\"font-weight: 400;\">Descripciones alternativas en las im\u00e1genes.<\/span><\/li><li style=\"font-weight: 400;\" aria-level=\"1\"><span style=\"font-weight: 400;\">Verificaciones en la visualizaci\u00f3n con diferentes navegadores y dispositivos.<\/span><\/li><li style=\"font-weight: 400;\" aria-level=\"1\"><span style=\"font-weight: 400;\">Utilizaci\u00f3n de formatos universales y alternativos.<\/span><\/li><li style=\"font-weight: 400;\" aria-level=\"1\"><span style=\"font-weight: 400;\">Los enlaces ofrecen detalles de la funci\u00f3n o destino del hiperv\u00ednculo.<\/span><\/li><li style=\"font-weight: 400;\" aria-level=\"1\"><span style=\"font-weight: 400;\">Uso de los est\u00e1ndares del W3C.<\/span><\/li><li style=\"font-weight: 400;\" aria-level=\"1\"><span style=\"font-weight: 400;\">Acceso mediante atajos teclado a las principales opciones.<\/span><\/li><\/ul><p><span style=\"font-weight: 400;\">Cumplimiento de los est\u00e1ndares<\/span><\/p><p><span style=\"font-weight: 400;\">Las p\u00e1ginas de este sitio Web cumplen la marca AA seg\u00fan la Norma UNE 139803:2004 y las Directrices de Accesibilidad para el Contenido Web 1.0 del W3C. Todos los requisitos de Prioridad 1 y Prioridad 2 y un subconjunto de los requisitos de Prioridad 3 han sido comprobados con un an\u00e1lisis manual de la accesibilidad a trav\u00e9s de diferentes herramientas semi-autom\u00e1ticas y agentes de usuario.<\/span><\/p><h3><span style=\"font-weight: 400;\">Atajos de teclado<\/span><\/h3><p><span style=\"font-weight: 400;\">En esta Web puede hacer saltos ordenados en el contenido con la tecla Tab.<\/span><\/p><h3><span style=\"font-weight: 400;\">Tama\u00f1o del texto<\/span><\/h3><p><span style=\"font-weight: 400;\">El dise\u00f1o accesible permite que el usuario pueda ajustar las fuentes al tama\u00f1o que le convenga. Esta acci\u00f3n puede llevarse a cabo de diferentes maneras seg\u00fan el navegador web que se utilice. A continuaci\u00f3n se indica la acci\u00f3n de men\u00fa donde se encuentra esta funcionalidad en los navegadores m\u00e1s frecuentes:<\/span><\/p><ul><li style=\"font-weight: 400;\" aria-level=\"1\"><span style=\"font-weight: 400;\">Mozilla Firefox: Ver &gt; Tama\u00f1o de texto &gt; Incrementar Internet<\/span><\/li><li style=\"font-weight: 400;\" aria-level=\"1\"><span style=\"font-weight: 400;\">Internet Explorer: Ver &gt; Tama\u00f1o de texto &gt; M\u00e1s grande<\/span><\/li><li style=\"font-weight: 400;\" aria-level=\"1\"><span style=\"font-weight: 400;\">Opera: View &gt; Zoom &gt; %<\/span><\/li><li style=\"font-weight: 400;\" aria-level=\"1\"><span style=\"font-weight: 400;\">Safari: View &gt; Make text bigger<\/span><\/li><li style=\"font-weight: 400;\" aria-level=\"1\"><span style=\"font-weight: 400;\">Google Chrome: Herramientas &gt; Zoom<\/span><\/li><\/ul><h3><span style=\"font-weight: 400;\">Configuraci\u00f3n t\u00e9cnica<\/span><\/h3><p><span style=\"font-weight: 400;\">Las p\u00e1ginas web est\u00e1n creadas con el CMS WordPress actualizado a su \u00faltima versi\u00f3n.<\/span><\/p><h3><span style=\"font-weight: 400;\">Informaci\u00f3n \u00fatil sobre la accesibilidad<\/span><\/h3><p><span style=\"font-weight: 400;\">Seguidamente se exponen una serie de enlaces organizados en diferentes categor\u00edas \u00fatiles para obtener m\u00e1s informaci\u00f3n sobre la accesibilidad.<\/span><\/p><h4><span style=\"font-weight: 400;\">Accesibilidad normas y documentos t\u00e9cnicos:<\/span><\/h4><p><a href=\"http:\/\/www.w3c.org\/\"><span style=\"font-weight: 400;\">http:\/\/www.w3c.org\/<\/span><span style=\"font-weight: 400;\"><br \/><\/span><\/a><span style=\"font-weight: 400;\">Consorcio World Wide Web, grupo de trabajo de \u00e1mbito internacional que dicta l\u00edneas generales relacionadas con la web.<\/span><\/p><p><a href=\"http:\/\/www.w3c.org\/wai\/\"><span style=\"font-weight: 400;\">http:\/\/www.w3c.org\/wai\/<\/span><span style=\"font-weight: 400;\"><br \/><\/span><\/a><span style=\"font-weight: 400;\">Iniciativa de Accesibilidad Web del W3C.<\/span><\/p>\t\t\t\t\t\t\t\t<\/div>\n\t\t\t\t<\/div>\n\t\t\t\t\t<\/div>\n\t\t\t\t<\/div>\n\t\t\t\t<\/div>","protected":false},"excerpt":{"rendered":"<p>Accesibilidad En la construcci\u00f3n de la p\u00e1gina web de peinstudio.com se han adoptado medidas con el objetivo de que el mayor n\u00famero posible de personas puedan llegar a la informaci\u00f3n que se transmite en ella, independientemente de las limitaciones de la persona o de las que se deriven del contexto de uso. As\u00ed, en la [&hellip;]<\/p>","protected":false},"author":1,"featured_media":0,"parent":0,"menu_order":0,"comment_status":"closed","ping_status":"closed","template":"","meta":{"_joinchat":[],"footnotes":""},"class_list":["post-15","page","type-page","status-publish","hentry"],"yoast_head":"<!-- This site is optimized with the Yoast SEO plugin v26.1.1 - https:\/\/yoast.com\/wordpress\/plugins\/seo\/ -->\n<title>Accesibilidad - peinstudio.com<\/title>\n<meta name=\"robots\" content=\"noindex, nofollow\" \/>\n<meta property=\"og:locale\" content=\"en_GB\" \/>\n<meta property=\"og:type\" content=\"article\" \/>\n<meta property=\"og:title\" content=\"Accesibilidad - peinstudio.com\" \/>\n<meta property=\"og:description\" content=\"Accesibilidad En la construcci\u00f3n de la p\u00e1gina web de peinstudio.com se han adoptado medidas con el objetivo de que el mayor n\u00famero posible de personas puedan llegar a la informaci\u00f3n que se transmite en ella, independientemente de las limitaciones de la persona o de las que se deriven del contexto de uso. As\u00ed, en la [&hellip;]\" \/>\n<meta property=\"og:url\" content=\"https:\/\/peinstudio.com\/en\/accesibilidad\/\" \/>\n<meta property=\"og:site_name\" content=\"peinstudio.com\" \/>\n<meta property=\"article:publisher\" content=\"https:\/\/www.facebook.com\/andre.pein.2024\" \/>\n<meta property=\"article:modified_time\" content=\"2024-11-23T16:14:09+00:00\" \/>\n<meta property=\"og:image\" content=\"https:\/\/peinstudio.com\/wp-content\/uploads\/2024\/11\/logoweb_PeinStudio.png\" \/>\n\t<meta property=\"og:image:width\" content=\"500\" \/>\n\t<meta property=\"og:image:height\" content=\"500\" \/>\n\t<meta property=\"og:image:type\" content=\"image\/png\" \/>\n<meta name=\"twitter:card\" content=\"summary_large_image\" \/>\n<meta name=\"twitter:label1\" content=\"Estimated reading time\" \/>\n\t<meta name=\"twitter:data1\" content=\"2 minutes\" \/>\n<script type=\"application\/ld+json\" class=\"yoast-schema-graph\">{\"@context\":\"https:\/\/schema.org\",\"@graph\":[{\"@type\":\"WebPage\",\"@id\":\"https:\/\/peinstudio.com\/accesibilidad\/\",\"url\":\"https:\/\/peinstudio.com\/accesibilidad\/\",\"name\":\"Accesibilidad - peinstudio.com\",\"isPartOf\":{\"@id\":\"https:\/\/peinstudio.com\/#website\"},\"datePublished\":\"2024-11-23T16:08:36+00:00\",\"dateModified\":\"2024-11-23T16:14:09+00:00\",\"breadcrumb\":{\"@id\":\"https:\/\/peinstudio.com\/accesibilidad\/#breadcrumb\"},\"inLanguage\":\"en-GB\",\"potentialAction\":[{\"@type\":\"ReadAction\",\"target\":[\"https:\/\/peinstudio.com\/accesibilidad\/\"]}]},{\"@type\":\"BreadcrumbList\",\"@id\":\"https:\/\/peinstudio.com\/accesibilidad\/#breadcrumb\",\"itemListElement\":[{\"@type\":\"ListItem\",\"position\":1,\"name\":\"Home\",\"item\":\"https:\/\/peinstudio.com\/\"},{\"@type\":\"ListItem\",\"position\":2,\"name\":\"Accesibilidad\"}]},{\"@type\":\"WebSite\",\"@id\":\"https:\/\/peinstudio.com\/#website\",\"url\":\"https:\/\/peinstudio.com\/\",\"name\":\"peinstudio.com\",\"description\":\"Fot\u00f3grafo Profesional\",\"publisher\":{\"@id\":\"https:\/\/peinstudio.com\/#\/schema\/person\/7ea31a94f7f830eca7f1125cbfb56313\"},\"alternateName\":\"Pein Studio\",\"potentialAction\":[{\"@type\":\"SearchAction\",\"target\":{\"@type\":\"EntryPoint\",\"urlTemplate\":\"https:\/\/peinstudio.com\/?s={search_term_string}\"},\"query-input\":{\"@type\":\"PropertyValueSpecification\",\"valueRequired\":true,\"valueName\":\"search_term_string\"}}],\"inLanguage\":\"en-GB\"},{\"@type\":[\"Person\",\"Organization\"],\"@id\":\"https:\/\/peinstudio.com\/#\/schema\/person\/7ea31a94f7f830eca7f1125cbfb56313\",\"name\":\"a.lopezsheridan@gmail.com\",\"image\":{\"@type\":\"ImageObject\",\"inLanguage\":\"en-GB\",\"@id\":\"https:\/\/peinstudio.com\/#\/schema\/person\/image\/\",\"url\":\"https:\/\/peinstudio.com\/wp-content\/uploads\/2024\/11\/logoweb_PeinStudio.png\",\"contentUrl\":\"https:\/\/peinstudio.com\/wp-content\/uploads\/2024\/11\/logoweb_PeinStudio.png\",\"width\":500,\"height\":500,\"caption\":\"a.lopezsheridan@gmail.com\"},\"logo\":{\"@id\":\"https:\/\/peinstudio.com\/#\/schema\/person\/image\/\"},\"sameAs\":[\"http:\/\/peinstudio.com\",\"https:\/\/www.facebook.com\/andre.pein.2024\",\"https:\/\/www.instagram.com\/andre.pein\/\",\"https:\/\/www.youtube.com\/@peinstudio\"]}]}<\/script>\n<!-- \/ Yoast SEO plugin. -->","yoast_head_json":{"title":"Accesibilidad - peinstudio.com","robots":{"index":"noindex","follow":"nofollow"},"og_locale":"en_GB","og_type":"article","og_title":"Accesibilidad - peinstudio.com","og_description":"Accesibilidad En la construcci\u00f3n de la p\u00e1gina web de peinstudio.com se han adoptado medidas con el objetivo de que el mayor n\u00famero posible de personas puedan llegar a la informaci\u00f3n que se transmite en ella, independientemente de las limitaciones de la persona o de las que se deriven del contexto de uso. As\u00ed, en la [&hellip;]","og_url":"https:\/\/peinstudio.com\/en\/accesibilidad\/","og_site_name":"peinstudio.com","article_publisher":"https:\/\/www.facebook.com\/andre.pein.2024","article_modified_time":"2024-11-23T16:14:09+00:00","og_image":[{"width":500,"height":500,"url":"https:\/\/peinstudio.com\/wp-content\/uploads\/2024\/11\/logoweb_PeinStudio.png","type":"image\/png"}],"twitter_card":"summary_large_image","twitter_misc":{"Estimated reading time":"2 minutes"},"schema":{"@context":"https:\/\/schema.org","@graph":[{"@type":"WebPage","@id":"https:\/\/peinstudio.com\/accesibilidad\/","url":"https:\/\/peinstudio.com\/accesibilidad\/","name":"Accesibilidad - peinstudio.com","isPartOf":{"@id":"https:\/\/peinstudio.com\/#website"},"datePublished":"2024-11-23T16:08:36+00:00","dateModified":"2024-11-23T16:14:09+00:00","breadcrumb":{"@id":"https:\/\/peinstudio.com\/accesibilidad\/#breadcrumb"},"inLanguage":"en-GB","potentialAction":[{"@type":"ReadAction","target":["https:\/\/peinstudio.com\/accesibilidad\/"]}]},{"@type":"BreadcrumbList","@id":"https:\/\/peinstudio.com\/accesibilidad\/#breadcrumb","itemListElement":[{"@type":"ListItem","position":1,"name":"Home","item":"https:\/\/peinstudio.com\/"},{"@type":"ListItem","position":2,"name":"Accesibilidad"}]},{"@type":"WebSite","@id":"https:\/\/peinstudio.com\/#website","url":"https:\/\/peinstudio.com\/","name":"peinstudio.com","description":"Fot\u00f3grafo Profesional","publisher":{"@id":"https:\/\/peinstudio.com\/#\/schema\/person\/7ea31a94f7f830eca7f1125cbfb56313"},"alternateName":"Pein Studio","potentialAction":[{"@type":"SearchAction","target":{"@type":"EntryPoint","urlTemplate":"https:\/\/peinstudio.com\/?s={search_term_string}"},"query-input":{"@type":"PropertyValueSpecification","valueRequired":true,"valueName":"search_term_string"}}],"inLanguage":"en-GB"},{"@type":["Person","Organization"],"@id":"https:\/\/peinstudio.com\/#\/schema\/person\/7ea31a94f7f830eca7f1125cbfb56313","name":"a.lopezsheridan@gmail.com","image":{"@type":"ImageObject","inLanguage":"en-GB","@id":"https:\/\/peinstudio.com\/#\/schema\/person\/image\/","url":"https:\/\/peinstudio.com\/wp-content\/uploads\/2024\/11\/logoweb_PeinStudio.png","contentUrl":"https:\/\/peinstudio.com\/wp-content\/uploads\/2024\/11\/logoweb_PeinStudio.png","width":500,"height":500,"caption":"a.lopezsheridan@gmail.com"},"logo":{"@id":"https:\/\/peinstudio.com\/#\/schema\/person\/image\/"},"sameAs":["http:\/\/peinstudio.com","https:\/\/www.facebook.com\/andre.pein.2024","https:\/\/www.instagram.com\/andre.pein\/","https:\/\/www.youtube.com\/@peinstudio"]}]}},"_links":{"self":[{"href":"https:\/\/peinstudio.com\/en\/wp-json\/wp\/v2\/pages\/15","targetHints":{"allow":["GET"]}}],"collection":[{"href":"https:\/\/peinstudio.com\/en\/wp-json\/wp\/v2\/pages"}],"about":[{"href":"https:\/\/peinstudio.com\/en\/wp-json\/wp\/v2\/types\/page"}],"author":[{"embeddable":true,"href":"https:\/\/peinstudio.com\/en\/wp-json\/wp\/v2\/users\/1"}],"replies":[{"embeddable":true,"href":"https:\/\/peinstudio.com\/en\/wp-json\/wp\/v2\/comments?post=15"}],"version-history":[{"count":4,"href":"https:\/\/peinstudio.com\/en\/wp-json\/wp\/v2\/pages\/15\/revisions"}],"predecessor-version":[{"id":53,"href":"https:\/\/peinstudio.com\/en\/wp-json\/wp\/v2\/pages\/15\/revisions\/53"}],"wp:attachment":[{"href":"https:\/\/peinstudio.com\/en\/wp-json\/wp\/v2\/media?parent=15"}],"curies":[{"name":"wp","href":"https:\/\/api.w.org\/{rel}","templated":true}]}}