{"id":35,"date":"2024-11-23T16:12:37","date_gmt":"2024-11-23T16:12:37","guid":{"rendered":"https:\/\/peinstudio.com\/?page_id=35"},"modified":"2024-11-23T16:23:41","modified_gmt":"2024-11-23T16:23:41","slug":"politica-de-privacidad","status":"publish","type":"page","link":"https:\/\/peinstudio.com\/en\/politica-de-privacidad\/","title":{"rendered":"Pol\u00edtica de Privacidad"},"content":{"rendered":"<div data-elementor-type=\"wp-page\" data-elementor-id=\"35\" class=\"elementor elementor-35\" data-elementor-post-type=\"page\">\n\t\t\t\t<div class=\"elementor-element elementor-element-fe441d6 e-flex e-con-boxed e-con e-parent\" data-id=\"fe441d6\" data-element_type=\"container\">\n\t\t\t\t\t<div class=\"e-con-inner\">\n\t\t\t\t<div class=\"elementor-element elementor-element-d63d129 elementor-widget elementor-widget-text-editor\" data-id=\"d63d129\" data-element_type=\"widget\" data-widget_type=\"text-editor.default\">\n\t\t\t\t<div class=\"elementor-widget-container\">\n\t\t\t\t\t\t\t\t\t<h1>Pol\u00edtica de Privacidad<\/h1><p><span style=\"font-weight: 400;\">Esta pol\u00edtica de privacidad fue actualizada por \u00faltima vez en 23 de noviembre de 2024 y se aplica a los ciudadanos del Espacio Econ\u00f3mico Europeo.<\/span><\/p><p><span style=\"font-weight: 400;\">En esta declaraci\u00f3n de privacidad, explicamos lo que hacemos con los datos que obtenemos sobre usted a trav\u00e9s de https:\/\/peinstudio.com. Le recomendamos que lea atentamente esta declaraci\u00f3n. En nuestro procesamiento cumplimos con los requisitos de la legislaci\u00f3n de privacidad. Lo que significa, entre otras cosas, que:<\/span><\/p><ul><li style=\"font-weight: 400;\" aria-level=\"1\"><span style=\"font-weight: 400;\">indicamos claramente los fines para los que procesamos los datos personales. Hacemos esto por medio de esta declaraci\u00f3n de privacidad.<\/span><\/li><li style=\"font-weight: 400;\" aria-level=\"1\"><span style=\"font-weight: 400;\">nuestro objetivo es limitar nuestra recopilaci\u00f3n de datos personales a los datos personales necesarios para fines leg\u00edtimos.<\/span><\/li><li style=\"font-weight: 400;\" aria-level=\"1\"><span style=\"font-weight: 400;\">en primer lugar, solicitamos su consentimiento expl\u00edcito para el tratamiento de sus datos personales en los casos en que sea necesario.<\/span><\/li><li style=\"font-weight: 400;\" aria-level=\"1\"><span style=\"font-weight: 400;\">tomamos las medidas de seguridad adecuadas para proteger sus datos personales y tambi\u00e9n se lo exigimos a las partes que procesan datos personales en nuestro nombre;<\/span><\/li><li style=\"font-weight: 400;\" aria-level=\"1\"><span style=\"font-weight: 400;\">respetamos su derecho a acceder, rectificar o cancelar sus datos personales previa solicitud.<\/span><span style=\"font-weight: 400;\"><br \/><\/span><span style=\"font-weight: 400;\">Si tiene alguna pregunta o desea saber exactamente qu\u00e9 datos sobre usted guardamos, p\u00f3ngase en contacto con nosotros.<\/span><\/li><\/ul><h2><span style=\"font-weight: 400;\">1. Prop\u00f3sito, datos y periodo de retenci\u00f3n<\/span><\/h2><p><span style=\"font-weight: 400;\">1.1 Contacto \u2013 Por tel\u00e9fono, correo, correo electr\u00f3nico y\/o formularios en el sitio. Retendremos los datos hasta que el servicio sea cancelado.<\/span><\/p><p><span style=\"font-weight: 400;\">1.2 Para poder cumplir con las obligaciones legales. Retendremos los datos hasta que el servicio sea cancelado.<\/span><\/p><p><span style=\"font-weight: 400;\">1.3 Recopilaci\u00f3n y an\u00e1lisis de estad\u00edsticas para la mejora del sitio web. Retendremos los datos hasta que el servicio sea cancelado.<\/span><\/p><h2><span style=\"font-weight: 400;\">2. Compartir con otras partes<\/span><\/h2><p><span style=\"font-weight: 400;\">S\u00f3lo compartimos o divulgamos estos datos a los procesadores para los siguientes prop\u00f3sitos:<\/span><\/p><p><span style=\"font-weight: 400;\">Procesadores de datos.<\/span><\/p><p><span style=\"font-weight: 400;\">Nombre: Xpandex<\/span><span style=\"font-weight: 400;\"><br \/><\/span><span style=\"font-weight: 400;\">Pa\u00eds: Espa\u00f1a<\/span><span style=\"font-weight: 400;\"><br \/><\/span><span style=\"font-weight: 400;\">Prop\u00f3sito: Desarrollo y mantenimiento Web<\/span><\/p><h2><span style=\"font-weight: 400;\">3. Cookies<\/span><\/h2><p><span style=\"font-weight: 400;\">Nuestro sitio web utiliza cookies. Para m\u00e1s informaci\u00f3n acerca de las cookies, por favor refi\u00e9rase a nuestra Declaraci\u00f3n de Pol\u00edtica de Cookies.Tenemos un acuerdo de procesamiento de datos con Google.<\/span><\/p><h2><span style=\"font-weight: 400;\">4. Seguridad<\/span><\/h2><p><span style=\"font-weight: 400;\">Estamos comprometidos con la seguridad de los datos personales. Tomamos las medidas de seguridad adecuadas para limitar el abuso y el acceso no autorizado a los datos personales. Esto asegura que s\u00f3lo las personas necesarias tengan acceso a sus datos, que el acceso a los datos est\u00e9 protegido y que nuestras medidas de seguridad sean revisadas regularmente.<\/span><\/p><h2><span style=\"font-weight: 400;\">5. Sitios web de terceros<\/span><\/h2><p><span style=\"font-weight: 400;\">Esta declaraci\u00f3n de privacidad no se aplica a los sitios web de terceros conectados mediante enlaces en nuestro sitio web. No podemos garantizar que estas terceras partes manejen sus datos personales de forma fiable o segura. Le recomendamos que lea las declaraciones de privacidad de estos sitios web antes de utilizarlos.<\/span><\/p><h2><span style=\"font-weight: 400;\">6. Privacidad y referencia a la declaraci\u00f3n de privacidad<\/span><\/h2><p><span style=\"font-weight: 400;\">Nos reservamos el derecho de hacer enmiendas a esta declaraci\u00f3n de privacidad. Se recomienda que consulte esta declaraci\u00f3n de privacidad regularmente para estar al tanto de cualquier cambio. Adem\u00e1s, le informaremos activamente siempre que sea posible.<\/span><\/p><h2><span style=\"font-weight: 400;\">7. Acceso y modificaci\u00f3n de sus datos<\/span><\/h2><p><span style=\"font-weight: 400;\">Si tiene alguna pregunta o desea saber qu\u00e9 datos personales tenemos sobre usted, p\u00f3ngase en contacto con nosotros. Puede ponerse en contacto con nosotros utilizando la siguiente informaci\u00f3n. Usted tiene los siguientes derechos:<\/span><\/p><ul><li style=\"font-weight: 400;\" aria-level=\"1\"><span style=\"font-weight: 400;\">Usted tiene derecho a saber por qu\u00e9 se necesitan sus datos personales, qu\u00e9 suceder\u00e1 con ellos y durante cu\u00e1nto tiempo se conservar\u00e1n.<\/span><\/li><li style=\"font-weight: 400;\" aria-level=\"1\"><span style=\"font-weight: 400;\">Derecho de acceso: Tiene derecho a acceder a los datos personales que conocemos sobre usted.<\/span><\/li><li style=\"font-weight: 400;\" aria-level=\"1\"><span style=\"font-weight: 400;\">Derecho de rectificaci\u00f3n: tiene derecho a completar, rectificar, borrar o bloquear sus datos personales cuando lo desee.<\/span><\/li><li style=\"font-weight: 400;\" aria-level=\"1\"><span style=\"font-weight: 400;\">Si usted nos da su consentimiento para procesar sus datos, tiene derecho a revocar dicho consentimiento y a que se eliminen sus datos personales.<\/span><\/li><li style=\"font-weight: 400;\" aria-level=\"1\"><span style=\"font-weight: 400;\">Derecho de cesi\u00f3n de sus datos: tiene derecho a solicitar todos sus datos personales al controlador y a transferirlos \u00edntegramente a otro controlador.<\/span><\/li><li style=\"font-weight: 400;\" aria-level=\"1\"><span style=\"font-weight: 400;\">Derecho de oposici\u00f3n: usted puede oponerse al tratamiento de sus datos. Nosotros cumplimos con esto, a menos que existan motivos justificados para el procesamiento.<\/span><\/li><\/ul><p><span style=\"font-weight: 400;\">Por favor, aseg\u00farese de indicar siempre claramente qui\u00e9n es usted, para que podamos estar seguros de que no modificamos o eliminamos ning\u00fan dato de la persona equivocada.<\/span><\/p><h2><span style=\"font-weight: 400;\">8. Enviando una queja<\/span><\/h2><p><span style=\"font-weight: 400;\">Si no est\u00e1 satisfecho con la forma en que tratamos o procesamos sus datos personales, tiene derecho a presentar una queja a la Autoridad de Protecci\u00f3n de Datos.<\/span><\/p><h2><span style=\"font-weight: 400;\">9. Responsable de la protecci\u00f3n de datos<\/span><\/h2><p><span style=\"font-weight: 400;\">Nuestro Responsable de la Protecci\u00f3n de Datos ha sido registrado ante la autoridad de protecci\u00f3n de datos de un Estado miembro de la UE. Si tiene alguna pregunta o solicitud con respecto a esta declaraci\u00f3n de privacidad o para el Responsable de la Protecci\u00f3n de Datos, puede ponerse en contacto con Pein Studio en<\/span><\/p><p>Direcci\u00f3n Calle Peral, Aguamarina 33.<\/p><p>o en el email: <a class=\"ProsemirrorEditor-link\" href=\"mailto:a.lopezsheridan@gmail.com\">a.lopezsheridan@gmail.com<\/a><\/p><h2><span style=\"font-weight: 400;\">10. Detalles de contacto<\/span><\/h2><p data-pm-slice=\"1 1 []\">Andr\u00e9s L\u00f3pez Sheridan<\/p><p>DNI 77458064k<\/p><p>Direcci\u00f3n Calle Peral, Aguamarina 33<\/p><p>email: <a class=\"ProsemirrorEditor-link\" href=\"mailto:a.lopezsheridan@gmail.com\">a.lopezsheridan@gmail.com<\/a><\/p><p>telefono. +34 613 011 977<\/p>\t\t\t\t\t\t\t\t<\/div>\n\t\t\t\t<\/div>\n\t\t\t\t\t<\/div>\n\t\t\t\t<\/div>\n\t\t\t\t<\/div>","protected":false},"excerpt":{"rendered":"<p>Pol\u00edtica de Privacidad Esta pol\u00edtica de privacidad fue actualizada por \u00faltima vez en 23 de noviembre de 2024 y se aplica a los ciudadanos del Espacio Econ\u00f3mico Europeo. En esta declaraci\u00f3n de privacidad, explicamos lo que hacemos con los datos que obtenemos sobre usted a trav\u00e9s de https:\/\/peinstudio.com. Le recomendamos que lea atentamente esta declaraci\u00f3n. [&hellip;]<\/p>","protected":false},"author":1,"featured_media":0,"parent":0,"menu_order":0,"comment_status":"closed","ping_status":"closed","template":"","meta":{"_joinchat":[],"footnotes":""},"class_list":["post-35","page","type-page","status-publish","hentry"],"yoast_head":"<!-- This site is optimized with the Yoast SEO plugin v26.1.1 - https:\/\/yoast.com\/wordpress\/plugins\/seo\/ -->\n<title>Pol\u00edtica de Privacidad - peinstudio.com<\/title>\n<meta name=\"robots\" content=\"noindex, nofollow\" \/>\n<meta property=\"og:locale\" content=\"en_GB\" \/>\n<meta property=\"og:type\" content=\"article\" \/>\n<meta property=\"og:title\" content=\"Pol\u00edtica de Privacidad - peinstudio.com\" \/>\n<meta property=\"og:description\" content=\"Pol\u00edtica de Privacidad Esta pol\u00edtica de privacidad fue actualizada por \u00faltima vez en 23 de noviembre de 2024 y se aplica a los ciudadanos del Espacio Econ\u00f3mico Europeo. En esta declaraci\u00f3n de privacidad, explicamos lo que hacemos con los datos que obtenemos sobre usted a trav\u00e9s de https:\/\/peinstudio.com. Le recomendamos que lea atentamente esta declaraci\u00f3n. [&hellip;]\" \/>\n<meta property=\"og:url\" content=\"https:\/\/peinstudio.com\/en\/politica-de-privacidad\/\" \/>\n<meta property=\"og:site_name\" content=\"peinstudio.com\" \/>\n<meta property=\"article:publisher\" content=\"https:\/\/www.facebook.com\/andre.pein.2024\" \/>\n<meta property=\"article:modified_time\" content=\"2024-11-23T16:23:41+00:00\" \/>\n<meta property=\"og:image\" content=\"https:\/\/peinstudio.com\/wp-content\/uploads\/2024\/11\/logoweb_PeinStudio.png\" \/>\n\t<meta property=\"og:image:width\" content=\"500\" \/>\n\t<meta property=\"og:image:height\" content=\"500\" \/>\n\t<meta property=\"og:image:type\" content=\"image\/png\" \/>\n<meta name=\"twitter:card\" content=\"summary_large_image\" \/>\n<meta name=\"twitter:label1\" content=\"Estimated reading time\" \/>\n\t<meta name=\"twitter:data1\" content=\"4 minutes\" \/>\n<script type=\"application\/ld+json\" class=\"yoast-schema-graph\">{\"@context\":\"https:\/\/schema.org\",\"@graph\":[{\"@type\":\"WebPage\",\"@id\":\"https:\/\/peinstudio.com\/politica-de-privacidad\/\",\"url\":\"https:\/\/peinstudio.com\/politica-de-privacidad\/\",\"name\":\"Pol\u00edtica de Privacidad - peinstudio.com\",\"isPartOf\":{\"@id\":\"https:\/\/peinstudio.com\/#website\"},\"datePublished\":\"2024-11-23T16:12:37+00:00\",\"dateModified\":\"2024-11-23T16:23:41+00:00\",\"breadcrumb\":{\"@id\":\"https:\/\/peinstudio.com\/politica-de-privacidad\/#breadcrumb\"},\"inLanguage\":\"en-GB\",\"potentialAction\":[{\"@type\":\"ReadAction\",\"target\":[\"https:\/\/peinstudio.com\/politica-de-privacidad\/\"]}]},{\"@type\":\"BreadcrumbList\",\"@id\":\"https:\/\/peinstudio.com\/politica-de-privacidad\/#breadcrumb\",\"itemListElement\":[{\"@type\":\"ListItem\",\"position\":1,\"name\":\"Home\",\"item\":\"https:\/\/peinstudio.com\/\"},{\"@type\":\"ListItem\",\"position\":2,\"name\":\"Pol\u00edtica de Privacidad\"}]},{\"@type\":\"WebSite\",\"@id\":\"https:\/\/peinstudio.com\/#website\",\"url\":\"https:\/\/peinstudio.com\/\",\"name\":\"peinstudio.com\",\"description\":\"Fot\u00f3grafo Profesional\",\"publisher\":{\"@id\":\"https:\/\/peinstudio.com\/#\/schema\/person\/7ea31a94f7f830eca7f1125cbfb56313\"},\"alternateName\":\"Pein Studio\",\"potentialAction\":[{\"@type\":\"SearchAction\",\"target\":{\"@type\":\"EntryPoint\",\"urlTemplate\":\"https:\/\/peinstudio.com\/?s={search_term_string}\"},\"query-input\":{\"@type\":\"PropertyValueSpecification\",\"valueRequired\":true,\"valueName\":\"search_term_string\"}}],\"inLanguage\":\"en-GB\"},{\"@type\":[\"Person\",\"Organization\"],\"@id\":\"https:\/\/peinstudio.com\/#\/schema\/person\/7ea31a94f7f830eca7f1125cbfb56313\",\"name\":\"a.lopezsheridan@gmail.com\",\"image\":{\"@type\":\"ImageObject\",\"inLanguage\":\"en-GB\",\"@id\":\"https:\/\/peinstudio.com\/#\/schema\/person\/image\/\",\"url\":\"https:\/\/peinstudio.com\/wp-content\/uploads\/2024\/11\/logoweb_PeinStudio.png\",\"contentUrl\":\"https:\/\/peinstudio.com\/wp-content\/uploads\/2024\/11\/logoweb_PeinStudio.png\",\"width\":500,\"height\":500,\"caption\":\"a.lopezsheridan@gmail.com\"},\"logo\":{\"@id\":\"https:\/\/peinstudio.com\/#\/schema\/person\/image\/\"},\"sameAs\":[\"http:\/\/peinstudio.com\",\"https:\/\/www.facebook.com\/andre.pein.2024\",\"https:\/\/www.instagram.com\/andre.pein\/\",\"https:\/\/www.youtube.com\/@peinstudio\"]}]}<\/script>\n<!-- \/ Yoast SEO plugin. -->","yoast_head_json":{"title":"Pol\u00edtica de Privacidad - peinstudio.com","robots":{"index":"noindex","follow":"nofollow"},"og_locale":"en_GB","og_type":"article","og_title":"Pol\u00edtica de Privacidad - peinstudio.com","og_description":"Pol\u00edtica de Privacidad Esta pol\u00edtica de privacidad fue actualizada por \u00faltima vez en 23 de noviembre de 2024 y se aplica a los ciudadanos del Espacio Econ\u00f3mico Europeo. En esta declaraci\u00f3n de privacidad, explicamos lo que hacemos con los datos que obtenemos sobre usted a trav\u00e9s de https:\/\/peinstudio.com. Le recomendamos que lea atentamente esta declaraci\u00f3n. [&hellip;]","og_url":"https:\/\/peinstudio.com\/en\/politica-de-privacidad\/","og_site_name":"peinstudio.com","article_publisher":"https:\/\/www.facebook.com\/andre.pein.2024","article_modified_time":"2024-11-23T16:23:41+00:00","og_image":[{"width":500,"height":500,"url":"https:\/\/peinstudio.com\/wp-content\/uploads\/2024\/11\/logoweb_PeinStudio.png","type":"image\/png"}],"twitter_card":"summary_large_image","twitter_misc":{"Estimated reading time":"4 minutes"},"schema":{"@context":"https:\/\/schema.org","@graph":[{"@type":"WebPage","@id":"https:\/\/peinstudio.com\/politica-de-privacidad\/","url":"https:\/\/peinstudio.com\/politica-de-privacidad\/","name":"Pol\u00edtica de Privacidad - peinstudio.com","isPartOf":{"@id":"https:\/\/peinstudio.com\/#website"},"datePublished":"2024-11-23T16:12:37+00:00","dateModified":"2024-11-23T16:23:41+00:00","breadcrumb":{"@id":"https:\/\/peinstudio.com\/politica-de-privacidad\/#breadcrumb"},"inLanguage":"en-GB","potentialAction":[{"@type":"ReadAction","target":["https:\/\/peinstudio.com\/politica-de-privacidad\/"]}]},{"@type":"BreadcrumbList","@id":"https:\/\/peinstudio.com\/politica-de-privacidad\/#breadcrumb","itemListElement":[{"@type":"ListItem","position":1,"name":"Home","item":"https:\/\/peinstudio.com\/"},{"@type":"ListItem","position":2,"name":"Pol\u00edtica de Privacidad"}]},{"@type":"WebSite","@id":"https:\/\/peinstudio.com\/#website","url":"https:\/\/peinstudio.com\/","name":"peinstudio.com","description":"Fot\u00f3grafo Profesional","publisher":{"@id":"https:\/\/peinstudio.com\/#\/schema\/person\/7ea31a94f7f830eca7f1125cbfb56313"},"alternateName":"Pein Studio","potentialAction":[{"@type":"SearchAction","target":{"@type":"EntryPoint","urlTemplate":"https:\/\/peinstudio.com\/?s={search_term_string}"},"query-input":{"@type":"PropertyValueSpecification","valueRequired":true,"valueName":"search_term_string"}}],"inLanguage":"en-GB"},{"@type":["Person","Organization"],"@id":"https:\/\/peinstudio.com\/#\/schema\/person\/7ea31a94f7f830eca7f1125cbfb56313","name":"a.lopezsheridan@gmail.com","image":{"@type":"ImageObject","inLanguage":"en-GB","@id":"https:\/\/peinstudio.com\/#\/schema\/person\/image\/","url":"https:\/\/peinstudio.com\/wp-content\/uploads\/2024\/11\/logoweb_PeinStudio.png","contentUrl":"https:\/\/peinstudio.com\/wp-content\/uploads\/2024\/11\/logoweb_PeinStudio.png","width":500,"height":500,"caption":"a.lopezsheridan@gmail.com"},"logo":{"@id":"https:\/\/peinstudio.com\/#\/schema\/person\/image\/"},"sameAs":["http:\/\/peinstudio.com","https:\/\/www.facebook.com\/andre.pein.2024","https:\/\/www.instagram.com\/andre.pein\/","https:\/\/www.youtube.com\/@peinstudio"]}]}},"_links":{"self":[{"href":"https:\/\/peinstudio.com\/en\/wp-json\/wp\/v2\/pages\/35","targetHints":{"allow":["GET"]}}],"collection":[{"href":"https:\/\/peinstudio.com\/en\/wp-json\/wp\/v2\/pages"}],"about":[{"href":"https:\/\/peinstudio.com\/en\/wp-json\/wp\/v2\/types\/page"}],"author":[{"embeddable":true,"href":"https:\/\/peinstudio.com\/en\/wp-json\/wp\/v2\/users\/1"}],"replies":[{"embeddable":true,"href":"https:\/\/peinstudio.com\/en\/wp-json\/wp\/v2\/comments?post=35"}],"version-history":[{"count":4,"href":"https:\/\/peinstudio.com\/en\/wp-json\/wp\/v2\/pages\/35\/revisions"}],"predecessor-version":[{"id":63,"href":"https:\/\/peinstudio.com\/en\/wp-json\/wp\/v2\/pages\/35\/revisions\/63"}],"wp:attachment":[{"href":"https:\/\/peinstudio.com\/en\/wp-json\/wp\/v2\/media?parent=35"}],"curies":[{"name":"wp","href":"https:\/\/api.w.org\/{rel}","templated":true}]}}